{"id":121,"date":"2016-09-06T16:10:55","date_gmt":"2016-09-06T16:10:55","guid":{"rendered":"http:\/\/chirurgruky.cz\/?page_id=121"},"modified":"2016-09-13T15:50:25","modified_gmt":"2016-09-13T15:50:25","slug":"kontakt","status":"publish","type":"page","link":"http:\/\/chirurgruky.cz\/?page_id=121","title":{"rendered":"Kontakt"},"content":{"rendered":"<div id=\"pl-121\"  class=\"panel-layout\" ><div id=\"pg-121-0\"  class=\"panel-grid panel-no-style\" ><div id=\"pgc-121-0-0\"  class=\"panel-grid-cell\" ><div id=\"panel-121-0-0-0\" class=\"so-panel widget widget_sow-contact-form panel-first-child panel-last-child\" data-index=\"0\" ><div\n\t\t\t\n\t\t\tclass=\"so-widget-sow-contact-form so-widget-sow-contact-form-default-c592354216f5-121\"\n\t\t\t\n\t\t><h3 class=\"widget-title\">Kontaktujte mne<\/h3>\t<form\n\t\taction=\"\/index.php?rest_route=%2Fwp%2Fv2%2Fpages%2F121\"\n\t\tmethod=\"POST\"\n\t\tclass=\"sow-contact-form\"\n\t\tid=\"contact-form-a554\"\n\t>\n\n\t\t\n\t\t            <div class=\"sow-form-field sow-form-field-name\">\n            \t<label class=\"sow-form-field-label-above\" for=\"sow-contact-form-field-vae-jmno-57cef37a01aef\">\n\t\t\t\t<strong>\n\t\t\t\t\tVa\u0161e Jm\u00e9no\t\t\t\t\t\t\t\t\t<\/strong>\n\t\t\t<\/label>\n\t\t\t\t\t\t\t<span class=\"sow-field-container\">\n\t\t\t\t\t\t\t<input\n\t\t\ttype=\"text\"\n\t\t\tname=\"vae-jmno-57cef37a01aef\"\n\t\t\tid=\"sow-contact-form-field-vae-jmno-57cef37a01aef\"\n\t\t\tvalue=\"\"\n\t\t\tclass=\"sow-text-field\"\n\t\t\t\t\t\/>\n\t\t\t\t\t\t<\/span>\n\t\t\t\t\t\t\t<\/div>\n\t\t\t            <div class=\"sow-form-field sow-form-field-email\">\n            \t<label class=\"sow-form-field-label-above\" for=\"sow-contact-form-field-email-57cef37a01aef\">\n\t\t\t\t<strong>\n\t\t\t\t\tEmail\t\t\t\t\t\t\t\t\t<\/strong>\n\t\t\t<\/label>\n\t\t\t\t\t\t\t<span class=\"sow-field-container\">\n\t\t\t\t\t\t\t<input\n\t\t\ttype=\"email\"\n\t\t\tname=\"email-57cef37a01aef\"\n\t\t\tid=\"sow-contact-form-field-email-57cef37a01aef\"\n\t\t\tvalue=\"\"\n\t\t\tclass=\"sow-text-field\"\t\t\t\t\t\/>\n\t\t\t\t\t\t<\/span>\n\t\t\t\t\t\t\t<\/div>\n\t\t\t            <div class=\"sow-form-field sow-form-field-subject\">\n            \t<label class=\"sow-form-field-label-above\" for=\"sow-contact-form-field-pedmet-57cef37a01aef\">\n\t\t\t\t<strong>\n\t\t\t\t\tP\u0159edmet\t\t\t\t\t\t\t\t\t<\/strong>\n\t\t\t<\/label>\n\t\t\t\t\t\t\t<span class=\"sow-field-container\">\n\t\t\t\t\t\t\t<input\n\t\t\ttype=\"text\"\n\t\t\tname=\"pedmet-57cef37a01aef\"\n\t\t\tid=\"sow-contact-form-field-pedmet-57cef37a01aef\"\n\t\t\tvalue=\"\"\n\t\t\tclass=\"sow-text-field\"\n\t\t\t\t\t\t\t\t\/>\n\t\t\t\t\t\t<\/span>\n\t\t\t\t\t\t\t<\/div>\n\t\t\t            <div class=\"sow-form-field sow-form-field-textarea\">\n            \t<label class=\"sow-form-field-label-above\" for=\"sow-contact-form-field-zprva-57cef37a01aef\">\n\t\t\t\t<strong>\n\t\t\t\t\tZpr\u00e1va\t\t\t\t\t\t\t\t\t<\/strong>\n\t\t\t<\/label>\n\t\t\t\t\t\t\t<span class=\"sow-field-container\">\n\t\t\t\t\t\t\t<textarea\n\t\t\tname=\"zprva-57cef37a01aef\"\n\t\t\tid=\"sow-contact-form-field-zprva-57cef37a01aef\"\n\t\t\trows=\"10\"\n\t\t\t\t\t\t\t\t><\/textarea>\n\t\t\t\t\t\t<\/span>\n\t\t\t\t\t\t\t<\/div>\n\t\t\t\t\t\n\t\t\n\t\t\n\t\t<input type=\"hidden\" name=\"instance_hash\" value=\"a5547de1c9d42b9671c3ad7bb6f37d4b\" \/>\n\t\t<input type=\"hidden\" id=\"_wpnonce\" name=\"_wpnonce\" value=\"1fca5a2b66\" \/><input type=\"hidden\" name=\"_wp_http_referer\" value=\"\/index.php?rest_route=%2Fwp%2Fv2%2Fpages%2F121\" \/>\t\t<div class=\"sow-submit-wrapper sow-submit-styled\">\n\n\t\t<button class=\"sow-submit\"\n\t\t\t\t\t\t\t\t>\n\t\t\tOdeslat\t\t<\/button>\n\n\t\t<\/div>\n\t<\/form>\n\t<\/div><\/div><\/div><\/div><\/div>","protected":false},"excerpt":{"rendered":"<p>Kontaktujte mne Va\u0161e Jm\u00e9no Email P\u0159edmet Zpr\u00e1va Odeslat<\/p>\n","protected":false},"author":1,"featured_media":0,"parent":0,"menu_order":0,"comment_status":"closed","ping_status":"closed","template":"","meta":{"footnotes":""},"_links":{"self":[{"href":"http:\/\/chirurgruky.cz\/index.php?rest_route=\/wp\/v2\/pages\/121"}],"collection":[{"href":"http:\/\/chirurgruky.cz\/index.php?rest_route=\/wp\/v2\/pages"}],"about":[{"href":"http:\/\/chirurgruky.cz\/index.php?rest_route=\/wp\/v2\/types\/page"}],"author":[{"embeddable":true,"href":"http:\/\/chirurgruky.cz\/index.php?rest_route=\/wp\/v2\/users\/1"}],"replies":[{"embeddable":true,"href":"http:\/\/chirurgruky.cz\/index.php?rest_route=%2Fwp%2Fv2%2Fcomments&post=121"}],"version-history":[{"count":4,"href":"http:\/\/chirurgruky.cz\/index.php?rest_route=\/wp\/v2\/pages\/121\/revisions"}],"predecessor-version":[{"id":132,"href":"http:\/\/chirurgruky.cz\/index.php?rest_route=\/wp\/v2\/pages\/121\/revisions\/132"}],"wp:attachment":[{"href":"http:\/\/chirurgruky.cz\/index.php?rest_route=%2Fwp%2Fv2%2Fmedia&parent=121"}],"curies":[{"name":"wp","href":"https:\/\/api.w.org\/{rel}","templated":true}]}}