{"id":26,"date":"2016-09-06T15:12:44","date_gmt":"2016-09-06T15:12:44","guid":{"rendered":"http:\/\/chirurgruky.cz\/?page_id=26"},"modified":"2025-09-11T12:55:23","modified_gmt":"2025-09-11T12:55:23","slug":"ordinace","status":"publish","type":"page","link":"http:\/\/chirurgruky.cz\/?page_id=26","title":{"rendered":"Ordinace"},"content":{"rendered":"<p><strong>Legion\u00e1\u0159\u016f 514<\/strong><br \/><strong>Praha 8 \u010e\u00e1blice<\/strong><br \/><strong>Telefon: 777 341307<\/strong><\/p>\n<p>Do t\u00e9to ambulance je nutno se ke konzultaci, kontrole v\u017edy objednat.<\/p>\n<p><strong>Tato ambulance nem\u00e1 smlouvu s \u017e\u00e1dnou zdravotn\u00ed poji\u0161\u0165ovnou<\/strong> a proto je nutno zde hradit ve\u0161kerou poskytnutou p\u00e9\u010di, v\u010detn\u011b p\u00e9\u010de, kterou zdravotn\u00ed poji\u0161\u0165ovny sv\u00fdm smluvn\u00edm l\u00e9ka\u0159\u016fm b\u011b\u017en\u011b propl\u00e1cej\u00ed.<\/p>\n<p><strong>Cena za primovy\u0161et\u0159en\u00ed 2000,- K\u010d.<\/strong><\/p>\n<p>Pros\u00edm o zaplacen\u00ed 2000,00 CZK. Odchoz\u00ed platbu lze jednodu\u0161e zadat pomoc\u00ed p\u0159ilo\u017een\u00e9ho QR k\u00f3du nebo pen\u00edze poslat klasicky na \u00fa\u010det 2498540010\/3030. Pozn\u00e1mka: Konzultace a Va\u0161e jm\u00e9no<\/p>\n<p><strong>Platbu za vy\u0161et\u0159en\u00ed je pot\u0159eba prov\u00e9st p\u0159edem, bez zaplacen\u00ed nelze prov\u00e9st vy\u0161et\u0159en\u00ed.<\/strong><\/p>\n<p>P\u0159ilo\u017een\u00fd QR k\u00f3d vytvo\u0159ila moje mobiln\u00ed aplikace My Air. Sta\u010d\u00ed ho chytr\u00fdm telefonem vyfotit a pak jen \u00fahradu odeslat.<\/p>\n\n\n<figure class=\"wp-block-image size-full is-resized\"><a href=\"https:\/\/chirurgruky.cz\/wp-content\/uploads\/2025\/09\/qr_code5741907899604339634.jpg\"><img loading=\"lazy\" decoding=\"async\" width=\"787\" height=\"787\" src=\"https:\/\/chirurgruky.cz\/wp-content\/uploads\/2025\/09\/qr_code5741907899604339634.jpg\" alt=\"\" class=\"wp-image-379\" style=\"width:206px;height:auto\" srcset=\"http:\/\/chirurgruky.cz\/wp-content\/uploads\/2025\/09\/qr_code5741907899604339634.jpg 787w, http:\/\/chirurgruky.cz\/wp-content\/uploads\/2025\/09\/qr_code5741907899604339634-300x300.jpg 300w, http:\/\/chirurgruky.cz\/wp-content\/uploads\/2025\/09\/qr_code5741907899604339634-150x150.jpg 150w, http:\/\/chirurgruky.cz\/wp-content\/uploads\/2025\/09\/qr_code5741907899604339634-768x768.jpg 768w\" sizes=\"(max-width: 787px) 100vw, 787px\" \/><\/a><\/figure>\n\n\n\n<p><\/p>\n\n\n\n<p><\/p>\n\n\n\n<p><strong>Cena za kontroln\u00ed vy\u0161et\u0159en\u00ed 800,- K\u010d.<\/strong><\/p>\n\n\n\n<figure class=\"wp-block-image size-full is-resized\"><a href=\"https:\/\/chirurgruky.cz\/wp-content\/uploads\/2025\/09\/qr_code495675504903932106.jpg\"><img loading=\"lazy\" decoding=\"async\" width=\"787\" height=\"787\" src=\"https:\/\/chirurgruky.cz\/wp-content\/uploads\/2025\/09\/qr_code495675504903932106.jpg\" alt=\"\" class=\"wp-image-380\" style=\"width:208px;height:auto\" srcset=\"http:\/\/chirurgruky.cz\/wp-content\/uploads\/2025\/09\/qr_code495675504903932106.jpg 787w, http:\/\/chirurgruky.cz\/wp-content\/uploads\/2025\/09\/qr_code495675504903932106-300x300.jpg 300w, http:\/\/chirurgruky.cz\/wp-content\/uploads\/2025\/09\/qr_code495675504903932106-150x150.jpg 150w, http:\/\/chirurgruky.cz\/wp-content\/uploads\/2025\/09\/qr_code495675504903932106-768x768.jpg 768w\" sizes=\"(max-width: 787px) 100vw, 787px\" \/><\/a><\/figure>\n\n\n\n<p><\/p>\n\n\n\n<p><\/p>\n\n\n\n<p><strong>Cena za opera\u010dn\u00ed \u0159e\u0161en\u00ed v celkov\u00e9 anestezii s hospitalizac\u00ed&nbsp; 10 000,- K\u010d<\/strong><\/p>\n\n\n\n<p>Odchoz\u00ed platbu lze jednodu\u0161e zadat pomoc\u00ed p\u0159ilo\u017een\u00e9ho QR k\u00f3du nebo pen\u00edze poslat klasicky na \u00fa\u010det 2498540010\/3030.<\/p>\n\n\n\n<p>Sta\u010d\u00ed ho chytr\u00fdm telefonem vyfotit z bankovn\u00ed aplikace a pen\u00edze odeslat.&nbsp;<\/p>\n\n\n\n<figure class=\"wp-block-image is-resized\"><img loading=\"lazy\" decoding=\"async\" width=\"787\" height=\"787\" src=\"https:\/\/chirurgruky.cz\/wp-content\/uploads\/2024\/09\/qr_code8373215129465651654-1.jpg\" alt=\"\" class=\"wp-image-352\" style=\"width:204px;height:auto\" srcset=\"http:\/\/chirurgruky.cz\/wp-content\/uploads\/2024\/09\/qr_code8373215129465651654-1.jpg 787w, http:\/\/chirurgruky.cz\/wp-content\/uploads\/2024\/09\/qr_code8373215129465651654-1-300x300.jpg 300w, http:\/\/chirurgruky.cz\/wp-content\/uploads\/2024\/09\/qr_code8373215129465651654-1-150x150.jpg 150w, http:\/\/chirurgruky.cz\/wp-content\/uploads\/2024\/09\/qr_code8373215129465651654-1-768x768.jpg 768w\" sizes=\"(max-width: 787px) 100vw, 787px\" \/><\/figure>\n\n\n\n<p><\/p>\n\n\n\n<p><\/p>\n\n\n\n<p><\/p>\n\n\n\n<p><\/p>\n\n\n\n<p><strong>Cena za opera\u010dn\u00ed \u0159e\u0161en\u00ed v lok\u00e1ln\u00ed (m\u00edstn\u00ed) anestezii  2 000,- K\u010d<\/strong><\/p>\n\n\n\n<p>Odchoz\u00ed platbu lze jednodu\u0161e zadat pomoc\u00ed p\u0159ilo\u017een\u00e9ho QR k\u00f3du nebo pen\u00edze poslat klasicky na \u00fa\u010det 1972110102\/6363.<\/p>\n\n\n\n<figure class=\"wp-block-image is-resized\"><img loading=\"lazy\" decoding=\"async\" width=\"766\" height=\"509\" src=\"https:\/\/chirurgruky.cz\/wp-content\/uploads\/2024\/09\/qr_code7024655934695670068.jpg\" alt=\"\" class=\"wp-image-360\" style=\"width:321px;height:auto\" srcset=\"http:\/\/chirurgruky.cz\/wp-content\/uploads\/2024\/09\/qr_code7024655934695670068.jpg 766w, http:\/\/chirurgruky.cz\/wp-content\/uploads\/2024\/09\/qr_code7024655934695670068-300x199.jpg 300w, http:\/\/chirurgruky.cz\/wp-content\/uploads\/2024\/09\/qr_code7024655934695670068-272x182.jpg 272w\" sizes=\"(max-width: 766px) 100vw, 766px\" \/><\/figure>\n","protected":false},"excerpt":{"rendered":"<p>Legion\u00e1\u0159\u016f 514Praha 8 \u010e\u00e1bliceTelefon: 777 341307 Do t\u00e9to ambulance je nutno se ke konzultaci, kontrole v\u017edy objednat. Tato ambulance nem\u00e1 smlouvu s \u017e\u00e1dnou zdravotn\u00ed poji\u0161\u0165ovnou a proto je nutno zde hradit ve\u0161kerou poskytnutou p\u00e9\u010di, v\u010detn\u011b p\u00e9\u010de, kterou zdravotn\u00ed poji\u0161\u0165ovny sv\u00fdm smluvn\u00edm l\u00e9ka\u0159\u016fm b\u011b\u017en\u011b propl\u00e1cej\u00ed. Cena za primovy\u0161et\u0159en\u00ed 2000,- K\u010d. Pros\u00edm o zaplacen\u00ed 2000,00 CZK. Odchoz\u00ed platbu lze jednodu\u0161e zadat pomoc\u00ed p\u0159ilo\u017een\u00e9ho QR k\u00f3du nebo pen\u00edze poslat klasicky na \u00fa\u010det 2498540010\/3030. <a class=\"read-more\" href=\"http:\/\/chirurgruky.cz\/?page_id=26\">\u010c\u00edst v\u00edc &#8230;<\/a><\/p>\n","protected":false},"author":1,"featured_media":0,"parent":0,"menu_order":0,"comment_status":"closed","ping_status":"closed","template":"","meta":{"footnotes":""},"_links":{"self":[{"href":"http:\/\/chirurgruky.cz\/index.php?rest_route=\/wp\/v2\/pages\/26"}],"collection":[{"href":"http:\/\/chirurgruky.cz\/index.php?rest_route=\/wp\/v2\/pages"}],"about":[{"href":"http:\/\/chirurgruky.cz\/index.php?rest_route=\/wp\/v2\/types\/page"}],"author":[{"embeddable":true,"href":"http:\/\/chirurgruky.cz\/index.php?rest_route=\/wp\/v2\/users\/1"}],"replies":[{"embeddable":true,"href":"http:\/\/chirurgruky.cz\/index.php?rest_route=%2Fwp%2Fv2%2Fcomments&post=26"}],"version-history":[{"count":26,"href":"http:\/\/chirurgruky.cz\/index.php?rest_route=\/wp\/v2\/pages\/26\/revisions"}],"predecessor-version":[{"id":386,"href":"http:\/\/chirurgruky.cz\/index.php?rest_route=\/wp\/v2\/pages\/26\/revisions\/386"}],"wp:attachment":[{"href":"http:\/\/chirurgruky.cz\/index.php?rest_route=%2Fwp%2Fv2%2Fmedia&parent=26"}],"curies":[{"name":"wp","href":"https:\/\/api.w.org\/{rel}","templated":true}]}}